{"id":28,"date":"2018-10-17T14:00:10","date_gmt":"2018-10-17T14:00:10","guid":{"rendered":"http:\/\/138.68.128.152\/?page_id=28"},"modified":"2018-10-17T14:00:10","modified_gmt":"2018-10-17T14:00:10","slug":"projectos","status":"publish","type":"page","link":"https:\/\/soprosonhos.pt\/?page_id=28","title":{"rendered":"Projectos"},"content":{"rendered":"<p><strong>\u201cTodos na Onda\u201d \u2013 Programa BIP\/ZIP 2018 \u2013 C\u00e2mara Municipal de Lisboa\/E.B. Mestre Arnaldo Louro de Almeida\/E.B. S\u00e3o Jo\u00e3o de Brito\/Educar a Sorrir\/Just Move<\/strong><\/p>\n<p><strong>&#8211; <\/strong>Aliar o desporto \u00e0 prote\u00e7\u00e3o de crian\u00e7as e jovens em perigo, promovendo a integra\u00e7\u00e3o e o sucesso escolar.<\/p>\n<p><strong>Primeiros Socorros em contexto escolar \u2013 A\u00e7\u00e3o de Forma\u00e7\u00e3o \u2013 Hospital Beatriz \u00c2ngelo <\/strong><\/p>\n<p>&#8211; Capacita\u00e7\u00e3o pessoal e profissional dos intervenientes em \u00e2mbito escolar<\/p>\n<p><strong>Bullying \u2013 A\u00e7\u00e3o de Forma\u00e7\u00e3o \u2013 Associa\u00e7\u00e3o No Bully Portugal<\/strong><\/p>\n<p>&#8211; Refor\u00e7ar os mecanismos de prote\u00e7\u00e3o de crian\u00e7as e jovens, otimizando os mecanismos de dete\u00e7\u00e3o e sinaliza\u00e7\u00e3o<\/p>\n<p><strong>Dia escolar da N\u00e3o viol\u00eancia e da Paz \u2013 A\u00e7\u00e3o de sensibiliza\u00e7\u00e3o \u2013 E.B. Alta de Lisboa\/P.S.P\/Junta de Freguesia de Santa Clara<\/strong><\/p>\n<p><strong>&#8211; <\/strong>Promover a seguran\u00e7a na comunidade escolar, privilegiando a integra\u00e7\u00e3o e a socializa\u00e7\u00e3o<\/p>\n<p><strong>&nbsp;\u201cInclus\u00e3o a Sorrir\u201d \u2013 A\u00e7\u00e3o de sensibiliza\u00e7\u00e3o \u2013 Associa\u00e7\u00e3o M\u00e3o Guia<\/strong><\/p>\n<p>&#8211; Promover a integra\u00e7\u00e3o social de pessoas com defici\u00eancia, promovendo a sua equidade, bem-estar e socializa\u00e7\u00e3o.<\/p>\n<p><strong>Promo\u00e7\u00e3o de encontros intergeracionais \u2013 A\u00e7\u00f5es de interven\u00e7\u00e3o social &#8211; E.B. Mestre Arnaldo Louro de Almeida\/Associa\u00e7\u00e3o para Servi\u00e7os de Apoio Social\/E.B. Casal dos Apr\u00e9stimos\/Arca Resid\u00eancia dos Av\u00f3zinhos\/E.B. Eurico Gon\u00e7alves\/Centro Social e Paroquial da Ameixoeira<\/strong><\/p>\n<p>&#8211; Desenvolver projetos e atividades que visem a intera\u00e7\u00e3o entre gera\u00e7\u00f5es, criando parcerias com institui\u00e7\u00f5es de apoio social<\/p>\n","protected":false},"excerpt":{"rendered":"<p>\u201cTodos na Onda\u201d \u2013 Programa BIP\/ZIP 2018 \u2013 C\u00e2mara Municipal de Lisboa\/E.B. Mestre Arnaldo Louro de Almeida\/E.B. S\u00e3o Jo\u00e3o de Brito\/Educar a Sorrir\/Just Move &#8211; Aliar o desporto \u00e0 prote\u00e7\u00e3o de crian\u00e7as e jovens em perigo, promovendo a integra\u00e7\u00e3o e o sucesso escolar. Primeiros Socorros em contexto escolar \u2013 A\u00e7\u00e3o de Forma\u00e7\u00e3o \u2013 Hospital Beatriz &hellip; <\/p>\n<p class=\"link-more\"><a href=\"https:\/\/soprosonhos.pt\/?page_id=28\" class=\"more-link\">Continuar a ler <span class=\"screen-reader-text\">&#8220;Projectos&#8221;<\/span><\/a><\/p>\n","protected":false},"author":1,"featured_media":122,"parent":0,"menu_order":0,"comment_status":"closed","ping_status":"closed","template":"","meta":{"footnotes":""},"class_list":["post-28","page","type-page","status-publish","has-post-thumbnail","hentry"],"_links":{"self":[{"href":"https:\/\/soprosonhos.pt\/index.php?rest_route=\/wp\/v2\/pages\/28","targetHints":{"allow":["GET"]}}],"collection":[{"href":"https:\/\/soprosonhos.pt\/index.php?rest_route=\/wp\/v2\/pages"}],"about":[{"href":"https:\/\/soprosonhos.pt\/index.php?rest_route=\/wp\/v2\/types\/page"}],"author":[{"embeddable":true,"href":"https:\/\/soprosonhos.pt\/index.php?rest_route=\/wp\/v2\/users\/1"}],"replies":[{"embeddable":true,"href":"https:\/\/soprosonhos.pt\/index.php?rest_route=%2Fwp%2Fv2%2Fcomments&post=28"}],"version-history":[{"count":0,"href":"https:\/\/soprosonhos.pt\/index.php?rest_route=\/wp\/v2\/pages\/28\/revisions"}],"wp:featuredmedia":[{"embeddable":true,"href":"https:\/\/soprosonhos.pt\/index.php?rest_route=\/"}],"wp:attachment":[{"href":"https:\/\/soprosonhos.pt\/index.php?rest_route=%2Fwp%2Fv2%2Fmedia&parent=28"}],"curies":[{"name":"wp","href":"https:\/\/api.w.org\/{rel}","templated":true}]}}